{"id":4,"date":"2020-06-18T03:44:42","date_gmt":"2020-06-18T07:44:42","guid":{"rendered":"http:\/\/fad.local\/fadboilerplate\/front-page\/"},"modified":"2025-01-08T04:09:33","modified_gmt":"2025-01-08T09:09:33","slug":"home","status":"publish","type":"page","link":"https:\/\/ecic.desu.edu\/es\/","title":{"rendered":"Home"},"content":{"rendered":"<section id=\"hero-carouselblock_a834225ce78dc475fd3d0a118efa333e\" class=\"block-hero-carousel alignfull\">\n    <div class=\"hero-slider__images\">\n        <div class=\"hero-slider__graphic\">\n            <span><\/span>\n        <\/div>\n        <div class=\"hero-slider__text\"> \n            \n\n<h1 class=\"wp-block-heading has-colossal-font-size has-white-color has-text-color\" style=\"line-height:1\">Insistir en <span class=\"heading-underline-long\">\u00c9xito<\/span><\/h1>\n\n        <\/div>\n                    <div class=\"splide splide-hero-carousel\" role=\"group\" data-splide-config=\"hero-carousel\">\n                <div class=\"splide__track\">\n                    <ul class=\"splide__list\">\n                                                    <li class=\"splide__slide\">\n                                <figure>\n                                    <img loading=\"lazy\" decoding=\"async\" width=\"1522\" height=\"1012\" src=\"https:\/\/ecic.desu.edu\/wp-content\/uploads\/2024\/08\/full-length-shot-diverse-group-children-sitting-table-with-male-teacher-modern-school-classroom.jpg\" class=\"attachment-full size-full\" alt=\"\" srcset=\"https:\/\/ecic.desu.edu\/wp-content\/uploads\/2024\/08\/full-length-shot-diverse-group-children-sitting-table-with-male-teacher-modern-school-classroom.jpg 1522w, https:\/\/ecic.desu.edu\/wp-content\/uploads\/2024\/08\/full-length-shot-diverse-group-children-sitting-table-with-male-teacher-modern-school-classroom-300x199.jpg 300w, https:\/\/ecic.desu.edu\/wp-content\/uploads\/2024\/08\/full-length-shot-diverse-group-children-sitting-table-with-male-teacher-modern-school-classroom-1024x681.jpg 1024w, https:\/\/ecic.desu.edu\/wp-content\/uploads\/2024\/08\/full-length-shot-diverse-group-children-sitting-table-with-male-teacher-modern-school-classroom-768x511.jpg 768w\" sizes=\"auto, (max-width: 1522px) 100vw, 1522px\" \/>                                <\/figure>\n                            <\/li>\n                                                    <li class=\"splide__slide\">\n                                <figure>\n                                    <img loading=\"lazy\" decoding=\"async\" width=\"1981\" height=\"1321\" src=\"https:\/\/ecic.desu.edu\/wp-content\/uploads\/2024\/08\/smiling-teacher-playing-with-multiethnic-kids-near-game-table-montessori-school.jpg\" class=\"attachment-full size-full\" alt=\"\" srcset=\"https:\/\/ecic.desu.edu\/wp-content\/uploads\/2024\/08\/smiling-teacher-playing-with-multiethnic-kids-near-game-table-montessori-school.jpg 1981w, https:\/\/ecic.desu.edu\/wp-content\/uploads\/2024\/08\/smiling-teacher-playing-with-multiethnic-kids-near-game-table-montessori-school-300x200.jpg 300w, https:\/\/ecic.desu.edu\/wp-content\/uploads\/2024\/08\/smiling-teacher-playing-with-multiethnic-kids-near-game-table-montessori-school-1024x683.jpg 1024w, https:\/\/ecic.desu.edu\/wp-content\/uploads\/2024\/08\/smiling-teacher-playing-with-multiethnic-kids-near-game-table-montessori-school-768x512.jpg 768w, https:\/\/ecic.desu.edu\/wp-content\/uploads\/2024\/08\/smiling-teacher-playing-with-multiethnic-kids-near-game-table-montessori-school-1536x1024.jpg 1536w\" sizes=\"auto, (max-width: 1981px) 100vw, 1981px\" \/>                                <\/figure>\n                            <\/li>\n                                                    <li class=\"splide__slide\">\n                                <figure>\n                                    <img loading=\"lazy\" decoding=\"async\" width=\"2560\" height=\"1707\" src=\"https:\/\/ecic.desu.edu\/wp-content\/uploads\/2024\/08\/young-woman-doing-speech-therapy-with-children-scaled.jpg\" class=\"attachment-full size-full\" alt=\"\" srcset=\"https:\/\/ecic.desu.edu\/wp-content\/uploads\/2024\/08\/young-woman-doing-speech-therapy-with-children-scaled.jpg 2560w, https:\/\/ecic.desu.edu\/wp-content\/uploads\/2024\/08\/young-woman-doing-speech-therapy-with-children-300x200.jpg 300w, https:\/\/ecic.desu.edu\/wp-content\/uploads\/2024\/08\/young-woman-doing-speech-therapy-with-children-1024x683.jpg 1024w, https:\/\/ecic.desu.edu\/wp-content\/uploads\/2024\/08\/young-woman-doing-speech-therapy-with-children-768x512.jpg 768w, https:\/\/ecic.desu.edu\/wp-content\/uploads\/2024\/08\/young-woman-doing-speech-therapy-with-children-1536x1024.jpg 1536w, https:\/\/ecic.desu.edu\/wp-content\/uploads\/2024\/08\/young-woman-doing-speech-therapy-with-children-2048x1365.jpg 2048w\" sizes=\"auto, (max-width: 2560px) 100vw, 2560px\" \/>                                <\/figure>\n                            <\/li>\n                                            <\/ul>\n                <\/div>\n            <\/div>\n            <\/div>\n<\/section>\n\n\n\n\n<div class=\"wp-block-group alignfull is-style-brushstroke-one has-white-color has-tertiary-background-color has-text-color has-background is-layout-constrained wp-block-group-is-layout-constrained\">\n<div class=\"wp-block-group alignfull is-layout-constrained wp-block-group-is-layout-constrained\" fad-animation-type=\"fade-in\" fad-animation-direction=\"up\" fad-animation-duration=\"0.75\">\n<p class=\"has-text-align-center is-style-shorter-width has-medium-font-size\"><strong>El Centro de Innovaci\u00f3n en la Primera Infancia (ECIC)<\/strong> En la Universidad Estatal de Delaware, defendemos sin complejos el \u00e9xito de los profesionales de la educaci\u00f3n infantil. Nos esforzamos por empoderar y cultivar una fuerza laboral altamente cualificada, educada y diversa proporcionando apoyos hol\u00edsticos, integrales y basados en la evidencia.<\/p>\n<\/div>\n<\/div>\n\n\n\n<div class=\"wp-block-group alignfull is-layout-constrained wp-block-group-is-layout-constrained\" style=\"margin-top:0px\">\n<div class=\"wp-block-media-text has-media-on-the-right is-stacked-on-mobile is-style-brushstroke-top\" fad-animation-type=\"fade-in\" fad-animation-direction=\"up\" fad-animation-duration=\"0.75\"><div class=\"wp-block-media-text__content\">\n<h2 class=\"wp-block-heading\">\u00bfPor qu\u00e9 es importante la educaci\u00f3n infantil?<\/h2>\n\n\n\n<p>Los educadores de la primera infancia ofrecen las primeras experiencias educativas de un ni\u00f1o y desempe\u00f1an un papel vital en su desarrollo. La calidad de las experiencias educativas de un ni\u00f1o en esa ventana cr\u00edtica temprana, desde el nacimiento hasta los ocho a\u00f1os, ayudar\u00e1 a marcar el rumbo de toda su vida.<\/p>\n<\/div><figure class=\"wp-block-media-text__media\"><img loading=\"lazy\" decoding=\"async\" width=\"1024\" height=\"683\" src=\"https:\/\/ecic.desu.edu\/wp-content\/uploads\/2024\/08\/female-teacher-reading-her-pupils-1024x683.jpg\" alt=\"\" class=\"wp-image-1952 size-full\" srcset=\"https:\/\/ecic.desu.edu\/wp-content\/uploads\/2024\/08\/female-teacher-reading-her-pupils-1024x683.jpg 1024w, https:\/\/ecic.desu.edu\/wp-content\/uploads\/2024\/08\/female-teacher-reading-her-pupils-300x200.jpg 300w, https:\/\/ecic.desu.edu\/wp-content\/uploads\/2024\/08\/female-teacher-reading-her-pupils-768x512.jpg 768w, https:\/\/ecic.desu.edu\/wp-content\/uploads\/2024\/08\/female-teacher-reading-her-pupils-1536x1024.jpg 1536w, https:\/\/ecic.desu.edu\/wp-content\/uploads\/2024\/08\/female-teacher-reading-her-pupils-2048x1365.jpg 2048w\" sizes=\"auto, (max-width: 1024px) 100vw, 1024px\" \/><\/figure><\/div>\n<\/div>\n\n\n\n<div class=\"wp-block-group alignfull is-layout-constrained wp-block-group-is-layout-constrained\">\n<div class=\"wp-block-media-text is-stacked-on-mobile is-style-brushstroke-bottom reverse-sm\" fad-animation-type=\"fade-in\" fad-animation-direction=\"up\" fad-animation-duration=\"0.75\"><figure class=\"wp-block-media-text__media\"><img loading=\"lazy\" decoding=\"async\" width=\"414\" height=\"377\" src=\"https:\/\/ecic.desu.edu\/wp-content\/uploads\/2023\/05\/Homepage-Photo_v2.jpg\" alt=\"\" class=\"wp-image-918 size-full\" srcset=\"https:\/\/ecic.desu.edu\/wp-content\/uploads\/2023\/05\/Homepage-Photo_v2.jpg 414w, https:\/\/ecic.desu.edu\/wp-content\/uploads\/2023\/05\/Homepage-Photo_v2-300x273.jpg 300w\" sizes=\"auto, (max-width: 414px) 100vw, 414px\" \/><\/figure><div class=\"wp-block-media-text__content\">\n<p>Apoyando a estos educadores e invirtiendo en este personal, podemos mejorar tanto la calidad como el acceso a los programas para los ni\u00f1os peque\u00f1os. El ECIC se cre\u00f3 para contribuir a proporcionar este apoyo, ayudando a los educadores de la primera infancia a acceder a todos los recursos que necesitan para ofrecer experiencias enriquecedoras y adecuadas para el desarrollo de los ni\u00f1os. Desde s\u00f3lidos programas de becas hasta cohortes hol\u00edsticas de CDA\u00ae y asesoramiento profesional individualizado, el ECIC se rige por el lema: \u201cCuando los educadores prosperan, nuestros ni\u00f1os prosperan.\u201d<\/p>\n<\/div><\/div>\n<\/div>\n\n\n\n<div style=\"height:50px\" aria-hidden=\"true\" class=\"wp-block-spacer\"><\/div>\n\n\n\n<p class=\"has-text-align-center is-style-shorter-width\" fad-animation-type=\"fade-in\" fad-animation-direction=\"up\" fad-animation-duration=\"0.75\">Conozca m\u00e1s sobre la misi\u00f3n de ECIC y c\u00f3mo puede participar para ayudar a reescribir la experiencia educativa de los ni\u00f1os de Delaware.<\/p>\n\n\n\n<div class=\"wp-block-buttons is-content-justification-center is-layout-flex wp-container-core-buttons-is-layout-a89b3969 wp-block-buttons-is-layout-flex\" fad-animation-type=\"fade-in\" fad-animation-direction=\"up\" fad-animation-duration=\"0.75\">\n<div class=\"wp-block-button\"><a class=\"wp-block-button__link wp-element-button\" href=\"https:\/\/ecic.desu.edu\/es\/about\/\">M\u00e1s sobre nosotros<\/a><\/div>\n<\/div>\n\n\n\n<div style=\"height:10px\" aria-hidden=\"true\" class=\"wp-block-spacer\"><\/div>\n\n\n\n<div class=\"wp-block-group alignwide is-style-scrollbox has-white-color has-tertiary-background-color has-text-color has-background is-layout-constrained wp-block-group-is-layout-constrained\">\n<div style=\"height:5px\" aria-hidden=\"true\" class=\"wp-block-spacer\"><\/div>\n\n\n\n<div class=\"wp-block-columns is-layout-flex wp-container-core-columns-is-layout-28f84493 wp-block-columns-is-layout-flex\">\n<div class=\"wp-block-column is-layout-flow wp-block-column-is-layout-flow\">\n<figure class=\"wp-block-image aligncenter size-full\"><img loading=\"lazy\" decoding=\"async\" width=\"114\" height=\"110\" src=\"https:\/\/ecic.desu.edu\/wp-content\/uploads\/2023\/05\/Group-87.png\" alt=\"\" class=\"wp-image-1509\"\/><\/figure>\n\n\n\n<h2 class=\"wp-block-heading has-text-align-center has-white-color has-text-color\">Asesoramiento profesional<\/h2>\n\n\n\n<div style=\"height:1px\" aria-hidden=\"true\" class=\"wp-block-spacer\"><\/div>\n\n\n\n<div class=\"wp-block-buttons is-content-justification-center is-layout-flex wp-container-core-buttons-is-layout-a89b3969 wp-block-buttons-is-layout-flex\">\n<div class=\"wp-block-button is-style-outline has-btn-outline-white is-style-outline--1\"><a class=\"wp-block-button__link wp-element-button\" href=\"https:\/\/ecic.desu.edu\/es\/career-advisement\/\">Aprende m\u00e1s<\/a><\/div>\n<\/div>\n<\/div>\n\n\n\n<div class=\"wp-block-column is-layout-flow wp-block-column-is-layout-flow\">\n<figure class=\"wp-block-image aligncenter size-full\"><img loading=\"lazy\" decoding=\"async\" width=\"114\" height=\"110\" src=\"https:\/\/ecic.desu.edu\/wp-content\/uploads\/2023\/05\/Group-87.png\" alt=\"\" class=\"wp-image-1509\"\/><\/figure>\n\n\n\n<h2 class=\"wp-block-heading has-text-align-center has-white-color has-text-color\">Todas las becas ECIC<\/h2>\n\n\n\n<div style=\"height:1px\" aria-hidden=\"true\" class=\"wp-block-spacer\"><\/div>\n\n\n\n<div class=\"wp-block-buttons is-content-justification-center is-layout-flex wp-container-core-buttons-is-layout-a89b3969 wp-block-buttons-is-layout-flex\">\n<div class=\"wp-block-button is-style-outline has-btn-outline-white is-style-outline--2\"><a class=\"wp-block-button__link wp-element-button\" href=\"https:\/\/ecic.desu.edu\/es\/all-scholarships\/\">Aprende m\u00e1s<\/a><\/div>\n<\/div>\n<\/div>\n\n\n\n<div class=\"wp-block-column is-layout-flow wp-block-column-is-layout-flow\">\n<figure class=\"wp-block-image aligncenter size-full\"><img loading=\"lazy\" decoding=\"async\" width=\"114\" height=\"110\" src=\"https:\/\/ecic.desu.edu\/wp-content\/uploads\/2023\/05\/Group-88.png\" alt=\"\" class=\"wp-image-1510\"\/><\/figure>\n\n\n\n<h2 class=\"wp-block-heading has-text-align-center has-white-color has-text-color\">Eventos<\/h2>\n\n\n\n<div style=\"height:1px\" aria-hidden=\"true\" class=\"wp-block-spacer\"><\/div>\n\n\n\n<div class=\"wp-block-buttons is-content-justification-center is-layout-flex wp-container-core-buttons-is-layout-a89b3969 wp-block-buttons-is-layout-flex\">\n<div class=\"wp-block-button is-style-outline has-btn-outline-white is-style-outline--3\"><a class=\"wp-block-button__link wp-element-button\" href=\"https:\/\/ecic.desu.edu\/es\/events\/\">Aprende m\u00e1s<\/a><\/div>\n<\/div>\n<\/div>\n<\/div>\n\n\n\n<div style=\"height:5px\" aria-hidden=\"true\" class=\"wp-block-spacer\"><\/div>\n<\/div>\n\n\n\n<div style=\"height:10px\" aria-hidden=\"true\" class=\"wp-block-spacer\"><\/div>\n\n\n\n<div class=\"wp-block-media-text alignfull is-stacked-on-mobile is-image-fill-element is-style-cta\"><figure class=\"wp-block-media-text__media\"><img loading=\"lazy\" decoding=\"async\" width=\"1024\" height=\"683\" src=\"https:\/\/ecic.desu.edu\/wp-content\/uploads\/2024\/08\/female-primary-elementary-school-teacher-gives-student-high-five-desk-multicultural-class-1024x683.jpg\" alt=\"\" class=\"wp-image-1953 size-full\" style=\"object-position:50% 50%\" srcset=\"https:\/\/ecic.desu.edu\/wp-content\/uploads\/2024\/08\/female-primary-elementary-school-teacher-gives-student-high-five-desk-multicultural-class-1024x683.jpg 1024w, https:\/\/ecic.desu.edu\/wp-content\/uploads\/2024\/08\/female-primary-elementary-school-teacher-gives-student-high-five-desk-multicultural-class-300x200.jpg 300w, https:\/\/ecic.desu.edu\/wp-content\/uploads\/2024\/08\/female-primary-elementary-school-teacher-gives-student-high-five-desk-multicultural-class-768x512.jpg 768w, https:\/\/ecic.desu.edu\/wp-content\/uploads\/2024\/08\/female-primary-elementary-school-teacher-gives-student-high-five-desk-multicultural-class.jpg 1366w\" sizes=\"auto, (max-width: 1024px) 100vw, 1024px\" \/><\/figure><div class=\"wp-block-media-text__content\">\n<h1 class=\"wp-block-heading has-white-color has-text-color\" style=\"margin-top:1rem;margin-bottom:1rem;line-height:1\">\u00bfNo sabes por d\u00f3nde empezar?<\/h1>\n\n\n\n<p class=\"has-white-color has-text-color\" style=\"margin-bottom:3rem\">\u00a1Cont\u00e1ctanos! Nuestro equipo est\u00e1 a tu disposici\u00f3n para responder cualquier pregunta que puedas tener y conversar sobre tus objetivos para tu carrera en educaci\u00f3n infantil.&nbsp;<\/p>\n\n\n\n<div class=\"wp-block-buttons is-layout-flex wp-block-buttons-is-layout-flex\">\n<div class=\"wp-block-button is-style-outline has-btn-outline-white is-style-outline--4\"><a class=\"wp-block-button__link wp-element-button\" href=\"https:\/\/ecic.desu.edu\/es\/contact\/\">Cont\u00e1ctanos<\/a><\/div>\n<\/div>\n<\/div><\/div>","protected":false},"excerpt":{"rendered":"<p>The Early Childhood Innovation Center (ECIC) at Delaware State University unapologetically advocates for the success of Early Childhood Education professionals.&nbsp;We strive to empower and cultivate a highly skilled, educated, and [&hellip;]<\/p>\n","protected":false},"author":1,"featured_media":0,"parent":0,"menu_order":0,"comment_status":"closed","ping_status":"closed","template":"","meta":{"_acf_changed":false,"_monsterinsights_skip_tracking":false,"_monsterinsights_sitenote_active":false,"_monsterinsights_sitenote_note":"","_monsterinsights_sitenote_category":0,"_EventAllDay":false,"_EventTimezone":"","_EventStartDate":"","_EventEndDate":"","_EventStartDateUTC":"","_EventEndDateUTC":"","_EventShowMap":false,"_EventShowMapLink":false,"_EventURL":"","_EventCost":"","_EventCostDescription":"","_EventCurrencySymbol":"","_EventCurrencyCode":"","_EventCurrencyPosition":"","_EventDateTimeSeparator":"","_EventTimeRangeSeparator":"","_EventOrganizerID":[],"_EventVenueID":[],"_OrganizerEmail":"","_OrganizerPhone":"","_OrganizerWebsite":"","_VenueAddress":"","_VenueCity":"","_VenueCountry":"","_VenueProvince":"","_VenueState":"","_VenueZip":"","_VenuePhone":"","_VenueURL":"","_VenueStateProvince":"","_VenueLat":"","_VenueLng":"","_VenueShowMap":false,"_VenueShowMapLink":false,"footnotes":""},"class_list":["post-4","page","type-page","status-publish","hentry"],"acf":[],"yoast_head":"<!-- This site is optimized with the Yoast SEO plugin v27.3 - https:\/\/yoast.com\/product\/yoast-seo-wordpress\/ -->\n<title>Early Childhood Innovation Center | Innovative Support for Children<\/title>\n<meta name=\"description\" content=\"The Early Childhood Innovation Center (ECIC) advocates for success in early childhood education by empowering a diverse workforce of skilled professionals.\" \/>\n<meta name=\"robots\" content=\"index, follow, max-snippet:-1, max-image-preview:large, max-video-preview:-1\" \/>\n<link rel=\"canonical\" href=\"https:\/\/ecic.desu.edu\/es\/\" \/>\n<meta property=\"og:locale\" content=\"es_ES\" \/>\n<meta property=\"og:type\" content=\"article\" \/>\n<meta property=\"og:title\" content=\"Early Childhood Innovation Center | Innovative Support for Children\" \/>\n<meta property=\"og:description\" content=\"The Early Childhood Innovation Center (ECIC) advocates for success in early childhood education by empowering a diverse workforce of skilled professionals.\" \/>\n<meta property=\"og:url\" content=\"https:\/\/ecic.desu.edu\/es\/\" \/>\n<meta property=\"og:site_name\" content=\"Early Childhood Innovation Center\" \/>\n<meta property=\"article:modified_time\" content=\"2025-01-08T09:09:33+00:00\" \/>\n<meta property=\"og:image\" content=\"https:\/\/ecic.desu.edu\/wp-content\/uploads\/2024\/08\/female-teacher-reading-her-pupils-1024x683.jpg\" \/>\n<meta name=\"twitter:card\" content=\"summary_large_image\" \/>\n<meta name=\"twitter:label1\" content=\"Tiempo de lectura\" \/>\n\t<meta name=\"twitter:data1\" content=\"3 minutos\" \/>\n<script type=\"application\/ld+json\" class=\"yoast-schema-graph\">{\"@context\":\"https:\\\/\\\/schema.org\",\"@graph\":[{\"@type\":\"WebPage\",\"@id\":\"https:\\\/\\\/ecic.desu.edu\\\/\",\"url\":\"https:\\\/\\\/ecic.desu.edu\\\/\",\"name\":\"Early Childhood Innovation Center | Innovative Support for Children\",\"isPartOf\":{\"@id\":\"https:\\\/\\\/firstascentstaging.com\\\/ecic\\\/#website\"},\"primaryImageOfPage\":{\"@id\":\"https:\\\/\\\/ecic.desu.edu\\\/#primaryimage\"},\"image\":{\"@id\":\"https:\\\/\\\/ecic.desu.edu\\\/#primaryimage\"},\"thumbnailUrl\":\"https:\\\/\\\/ecic.desu.edu\\\/wp-content\\\/uploads\\\/2024\\\/08\\\/female-teacher-reading-her-pupils-1024x683.jpg\",\"datePublished\":\"2020-06-18T07:44:42+00:00\",\"dateModified\":\"2025-01-08T09:09:33+00:00\",\"description\":\"The Early Childhood Innovation Center (ECIC) advocates for success in early childhood education by empowering a diverse workforce of skilled professionals.\",\"breadcrumb\":{\"@id\":\"https:\\\/\\\/ecic.desu.edu\\\/#breadcrumb\"},\"inLanguage\":\"es\",\"potentialAction\":[{\"@type\":\"ReadAction\",\"target\":[\"https:\\\/\\\/ecic.desu.edu\\\/\"]}]},{\"@type\":\"ImageObject\",\"inLanguage\":\"es\",\"@id\":\"https:\\\/\\\/ecic.desu.edu\\\/#primaryimage\",\"url\":\"https:\\\/\\\/ecic.desu.edu\\\/wp-content\\\/uploads\\\/2024\\\/08\\\/female-teacher-reading-her-pupils-1024x683.jpg\",\"contentUrl\":\"https:\\\/\\\/ecic.desu.edu\\\/wp-content\\\/uploads\\\/2024\\\/08\\\/female-teacher-reading-her-pupils-1024x683.jpg\"},{\"@type\":\"BreadcrumbList\",\"@id\":\"https:\\\/\\\/ecic.desu.edu\\\/#breadcrumb\",\"itemListElement\":[{\"@type\":\"ListItem\",\"position\":1,\"name\":\"Home\",\"item\":\"https:\\\/\\\/ecic.desu.edu\\\/\"},{\"@type\":\"ListItem\",\"position\":2,\"name\":\"Home\"}]},{\"@type\":\"WebSite\",\"@id\":\"https:\\\/\\\/firstascentstaging.com\\\/ecic\\\/#website\",\"url\":\"https:\\\/\\\/firstascentstaging.com\\\/ecic\\\/\",\"name\":\"Early Childhood Innovation Center\",\"description\":\"\",\"publisher\":{\"@id\":\"https:\\\/\\\/firstascentstaging.com\\\/ecic\\\/#organization\"},\"potentialAction\":[{\"@type\":\"SearchAction\",\"target\":{\"@type\":\"EntryPoint\",\"urlTemplate\":\"https:\\\/\\\/firstascentstaging.com\\\/ecic\\\/?s={search_term_string}\"},\"query-input\":{\"@type\":\"PropertyValueSpecification\",\"valueRequired\":true,\"valueName\":\"search_term_string\"}}],\"inLanguage\":\"es\"},{\"@type\":\"Organization\",\"@id\":\"https:\\\/\\\/firstascentstaging.com\\\/ecic\\\/#organization\",\"name\":\"Early Childhood Innovation Center\",\"url\":\"https:\\\/\\\/firstascentstaging.com\\\/ecic\\\/\",\"logo\":{\"@type\":\"ImageObject\",\"inLanguage\":\"es\",\"@id\":\"https:\\\/\\\/firstascentstaging.com\\\/ecic\\\/#\\\/schema\\\/logo\\\/image\\\/\",\"url\":\"https:\\\/\\\/ecic.desu.edu\\\/wp-content\\\/uploads\\\/2023\\\/03\\\/Full-Color-ECIC-Logo-vertical.svg\",\"contentUrl\":\"https:\\\/\\\/ecic.desu.edu\\\/wp-content\\\/uploads\\\/2023\\\/03\\\/Full-Color-ECIC-Logo-vertical.svg\",\"caption\":\"Early Childhood Innovation Center\"},\"image\":{\"@id\":\"https:\\\/\\\/firstascentstaging.com\\\/ecic\\\/#\\\/schema\\\/logo\\\/image\\\/\"}}]}<\/script>\n<!-- \/ Yoast SEO plugin. -->","yoast_head_json":{"title":"Early Childhood Innovation Center | Innovative Support for Children","description":"The Early Childhood Innovation Center (ECIC) advocates for success in early childhood education by empowering a diverse workforce of skilled professionals.","robots":{"index":"index","follow":"follow","max-snippet":"max-snippet:-1","max-image-preview":"max-image-preview:large","max-video-preview":"max-video-preview:-1"},"canonical":"https:\/\/ecic.desu.edu\/es\/","og_locale":"es_ES","og_type":"article","og_title":"Early Childhood Innovation Center | Innovative Support for Children","og_description":"The Early Childhood Innovation Center (ECIC) advocates for success in early childhood education by empowering a diverse workforce of skilled professionals.","og_url":"https:\/\/ecic.desu.edu\/es\/","og_site_name":"Early Childhood Innovation Center","article_modified_time":"2025-01-08T09:09:33+00:00","og_image":[{"url":"https:\/\/ecic.desu.edu\/wp-content\/uploads\/2024\/08\/female-teacher-reading-her-pupils-1024x683.jpg","type":"","width":"","height":""}],"twitter_card":"summary_large_image","twitter_misc":{"Tiempo de lectura":"3 minutos"},"schema":{"@context":"https:\/\/schema.org","@graph":[{"@type":"WebPage","@id":"https:\/\/ecic.desu.edu\/","url":"https:\/\/ecic.desu.edu\/","name":"Early Childhood Innovation Center | Innovative Support for Children","isPartOf":{"@id":"https:\/\/firstascentstaging.com\/ecic\/#website"},"primaryImageOfPage":{"@id":"https:\/\/ecic.desu.edu\/#primaryimage"},"image":{"@id":"https:\/\/ecic.desu.edu\/#primaryimage"},"thumbnailUrl":"https:\/\/ecic.desu.edu\/wp-content\/uploads\/2024\/08\/female-teacher-reading-her-pupils-1024x683.jpg","datePublished":"2020-06-18T07:44:42+00:00","dateModified":"2025-01-08T09:09:33+00:00","description":"The Early Childhood Innovation Center (ECIC) advocates for success in early childhood education by empowering a diverse workforce of skilled professionals.","breadcrumb":{"@id":"https:\/\/ecic.desu.edu\/#breadcrumb"},"inLanguage":"es","potentialAction":[{"@type":"ReadAction","target":["https:\/\/ecic.desu.edu\/"]}]},{"@type":"ImageObject","inLanguage":"es","@id":"https:\/\/ecic.desu.edu\/#primaryimage","url":"https:\/\/ecic.desu.edu\/wp-content\/uploads\/2024\/08\/female-teacher-reading-her-pupils-1024x683.jpg","contentUrl":"https:\/\/ecic.desu.edu\/wp-content\/uploads\/2024\/08\/female-teacher-reading-her-pupils-1024x683.jpg"},{"@type":"BreadcrumbList","@id":"https:\/\/ecic.desu.edu\/#breadcrumb","itemListElement":[{"@type":"ListItem","position":1,"name":"Home","item":"https:\/\/ecic.desu.edu\/"},{"@type":"ListItem","position":2,"name":"Home"}]},{"@type":"WebSite","@id":"https:\/\/firstascentstaging.com\/ecic\/#website","url":"https:\/\/firstascentstaging.com\/ecic\/","name":"Early Childhood Innovation Center","description":"","publisher":{"@id":"https:\/\/firstascentstaging.com\/ecic\/#organization"},"potentialAction":[{"@type":"SearchAction","target":{"@type":"EntryPoint","urlTemplate":"https:\/\/firstascentstaging.com\/ecic\/?s={search_term_string}"},"query-input":{"@type":"PropertyValueSpecification","valueRequired":true,"valueName":"search_term_string"}}],"inLanguage":"es"},{"@type":"Organization","@id":"https:\/\/firstascentstaging.com\/ecic\/#organization","name":"Early Childhood Innovation Center","url":"https:\/\/firstascentstaging.com\/ecic\/","logo":{"@type":"ImageObject","inLanguage":"es","@id":"https:\/\/firstascentstaging.com\/ecic\/#\/schema\/logo\/image\/","url":"https:\/\/ecic.desu.edu\/wp-content\/uploads\/2023\/03\/Full-Color-ECIC-Logo-vertical.svg","contentUrl":"https:\/\/ecic.desu.edu\/wp-content\/uploads\/2023\/03\/Full-Color-ECIC-Logo-vertical.svg","caption":"Early Childhood Innovation Center"},"image":{"@id":"https:\/\/firstascentstaging.com\/ecic\/#\/schema\/logo\/image\/"}}]}},"_links":{"self":[{"href":"https:\/\/ecic.desu.edu\/es\/wp-json\/wp\/v2\/pages\/4","targetHints":{"allow":["GET"]}}],"collection":[{"href":"https:\/\/ecic.desu.edu\/es\/wp-json\/wp\/v2\/pages"}],"about":[{"href":"https:\/\/ecic.desu.edu\/es\/wp-json\/wp\/v2\/types\/page"}],"author":[{"embeddable":true,"href":"https:\/\/ecic.desu.edu\/es\/wp-json\/wp\/v2\/users\/1"}],"replies":[{"embeddable":true,"href":"https:\/\/ecic.desu.edu\/es\/wp-json\/wp\/v2\/comments?post=4"}],"version-history":[{"count":10,"href":"https:\/\/ecic.desu.edu\/es\/wp-json\/wp\/v2\/pages\/4\/revisions"}],"predecessor-version":[{"id":2002,"href":"https:\/\/ecic.desu.edu\/es\/wp-json\/wp\/v2\/pages\/4\/revisions\/2002"}],"wp:attachment":[{"href":"https:\/\/ecic.desu.edu\/es\/wp-json\/wp\/v2\/media?parent=4"}],"curies":[{"name":"wp","href":"https:\/\/api.w.org\/{rel}","templated":true}]}}